{"id":161,"date":"2023-10-31T10:50:09","date_gmt":"2023-10-31T09:50:09","guid":{"rendered":"http:\/\/gonfaus.com\/?page_id=161"},"modified":"2023-11-16T20:08:59","modified_gmt":"2023-11-16T19:08:59","slug":"installadors-de-plaques-solars","status":"publish","type":"page","link":"https:\/\/gonfaus.com\/es\/installadors-de-plaques-solars\/","title":{"rendered":"Instaladores de placas solares"},"content":{"rendered":"<h3>\n\t\t\t\t\tInstaladores de placas solares\n\t\t\t\t<\/h3>\n\t\t\t<p>Som especialistes en la instal\u00b7laci\u00f3 de plaques solars, utilitzant les t\u00e8cniques m\u00e9s noves.Truqui&#8217;ns i demani pressupost sense comprom\u00eds.<\/p>\t\t\n\t\t\t\t<img decoding=\"async\" src=\"http:\/\/gonfaus.com\/wp-content\/uploads\/2023\/10\/placas_g.jpg\" alt=\"placas_g\" itemprop=\"image\"\/>","protected":false},"excerpt":{"rendered":"<p>Instal\u00b7ladors de plaques solars Som especialistes en la instal\u00b7laci\u00f3 de plaques solars, utilitzant les t\u00e8cniques m\u00e9s noves.Truqui&#8217;ns i demani pressupost sense comprom\u00eds.<\/p>","protected":false},"author":1,"featured_media":0,"parent":0,"menu_order":0,"comment_status":"closed","ping_status":"closed","template":"","meta":{"neve_meta_sidebar":"","neve_meta_container":"full-width","neve_meta_enable_content_width":"","neve_meta_content_width":0,"neve_meta_title_alignment":"","neve_meta_author_avatar":"","neve_post_elements_order":"","neve_meta_disable_header":"off","neve_meta_disable_footer":"","neve_meta_disable_title":"on","footnotes":""},"class_list":["post-161","page","type-page","status-publish","hentry"],"_links":{"self":[{"href":"https:\/\/gonfaus.com\/es\/wp-json\/wp\/v2\/pages\/161","targetHints":{"allow":["GET"]}}],"collection":[{"href":"https:\/\/gonfaus.com\/es\/wp-json\/wp\/v2\/pages"}],"about":[{"href":"https:\/\/gonfaus.com\/es\/wp-json\/wp\/v2\/types\/page"}],"author":[{"embeddable":true,"href":"https:\/\/gonfaus.com\/es\/wp-json\/wp\/v2\/users\/1"}],"replies":[{"embeddable":true,"href":"https:\/\/gonfaus.com\/es\/wp-json\/wp\/v2\/comments?post=161"}],"version-history":[{"count":5,"href":"https:\/\/gonfaus.com\/es\/wp-json\/wp\/v2\/pages\/161\/revisions"}],"predecessor-version":[{"id":229,"href":"https:\/\/gonfaus.com\/es\/wp-json\/wp\/v2\/pages\/161\/revisions\/229"}],"wp:attachment":[{"href":"https:\/\/gonfaus.com\/es\/wp-json\/wp\/v2\/media?parent=161"}],"curies":[{"name":"wp","href":"https:\/\/api.w.org\/{rel}","templated":true}]}}