{"id":2,"date":"2023-10-11T14:58:55","date_gmt":"2023-10-11T12:58:55","guid":{"rendered":"http:\/\/gonfaus.com\/?page_id=2"},"modified":"2023-11-20T11:59:16","modified_gmt":"2023-11-20T10:59:16","slug":"pagina-ejemplo","status":"publish","type":"page","link":"https:\/\/gonfaus.com\/es\/","title":{"rendered":"Inicio"},"content":{"rendered":"<div id=\"xo-slider-49\" class=\"xo-slider xo-slider-template-default\">\n<div class=\"swiper swiper-container\">\n<div class=\"swiper-wrapper\">\n<div class=\"swiper-slide mime-type-image\"><img loading=\"lazy\" decoding=\"async\" width=\"1920\" height=\"600\" src=\"https:\/\/gonfaus.com\/wp-content\/uploads\/2023\/10\/banner_placas.jpg\" class=\"slide-image\" alt=\"\" title=\"\" srcset=\"https:\/\/gonfaus.com\/wp-content\/uploads\/2023\/10\/banner_placas.jpg 1920w, https:\/\/gonfaus.com\/wp-content\/uploads\/2023\/10\/banner_placas-300x94.jpg 300w, https:\/\/gonfaus.com\/wp-content\/uploads\/2023\/10\/banner_placas-1024x320.jpg 1024w, https:\/\/gonfaus.com\/wp-content\/uploads\/2023\/10\/banner_placas-768x240.jpg 768w, https:\/\/gonfaus.com\/wp-content\/uploads\/2023\/10\/banner_placas-1536x480.jpg 1536w\" sizes=\"auto, (max-width: 1920px) 100vw, 1920px\" \/><div class=\"slide-content\">\n<\/div>\n<\/div>\n<div class=\"swiper-slide mime-type-image\"><img loading=\"lazy\" decoding=\"async\" width=\"1920\" height=\"600\" src=\"https:\/\/gonfaus.com\/wp-content\/uploads\/2023\/10\/calefaccion.jpg\" class=\"slide-image\" alt=\"\" title=\"\" srcset=\"https:\/\/gonfaus.com\/wp-content\/uploads\/2023\/10\/calefaccion.jpg 1920w, https:\/\/gonfaus.com\/wp-content\/uploads\/2023\/10\/calefaccion-300x94.jpg 300w, https:\/\/gonfaus.com\/wp-content\/uploads\/2023\/10\/calefaccion-1024x320.jpg 1024w, https:\/\/gonfaus.com\/wp-content\/uploads\/2023\/10\/calefaccion-768x240.jpg 768w, https:\/\/gonfaus.com\/wp-content\/uploads\/2023\/10\/calefaccion-1536x480.jpg 1536w\" sizes=\"auto, (max-width: 1920px) 100vw, 1920px\" \/><div class=\"slide-content\">\n<\/div>\n<\/div>\n<\/div>\n<div class=\"swiper-pagination swiper-pagination-white\"><\/div>\n<div class=\"swiper-button-prev swiper-button-white\"><\/div>\n<div class=\"swiper-button-next swiper-button-white\"><\/div>\n<\/div>\n<\/div>\n\n\t<h3>\n\t\t\t\t\t\u00bfCu\u00e1les son nuestros servicios?\n\t\t\t\t<\/h3>\n\t\t\t<p>La nostra empresa realitza tota mena d&#8217;instal\u00b7lacions d&#8217;aigua, gas i llum, amb la garantia m\u00e9s gran. Som experts en la instal\u00b7laci\u00f3 d&#8217;aires condicionats i aparells de calefacci\u00f3. A m\u00e9s, Instal\u00b7lacions Isaac Gonfaus compta amb les darrera tecnologia per a la instal\u00b7laci\u00f3 de plaques solars.<\/p>\t\t\n\t<h3>\n\t\t\t\t\tAGUA\n\t\t\t\t<\/h3>\n\t<h3>\n\t\t\t\t\tGAS\n\t\t\t\t<\/h3>\n\t<h3>\n\t\t\t\t\tLUZ\n\t\t\t\t<\/h3>\n\t<h3>\n\t\t\t\t\tAIRE ACONDICIONADO \/ CALEFACCI\u00d3N\n\t\t\t\t<\/h3>\n\t<h3>\n\t\t\t\t\tPLACAS SOLARES\n\t\t\t\t<\/h3>\n\t<h3>\n\t\t\t\t\tREPARACI\u00d3 D&#8217;APARELLS DE GAS\n\t\t\t\t<\/h3>\n\t<h3>\n\t\t\t\t\tEMPRESA COLABORADORA DE\n\t\t\t\t<\/h3>\n\t\t\t\t<img decoding=\"async\" src=\"https:\/\/gonfaus.com\/wp-content\/uploads\/2023\/11\/repsol.png\" alt=\"repsol\" itemprop=\"image\"\/>\n\t\t\t\t<img decoding=\"async\" src=\"https:\/\/gonfaus.com\/wp-content\/uploads\/2023\/11\/nedgia.png\" alt=\"nedgia\" itemprop=\"image\"\/>\n\t<h3>\n\t\t\t\t\tINSTAL\u00b7LACIONS ISAAC GONFAUS LE OFRECE\n\t\t\t\t<\/h3>\n\t<h3>\n\t\t\t\t\tEL MEJOR PRECIO\n\t\t\t\t<\/h3>\n\t<h3>\n\t\t\t\t\tEL MEJOR SERVICIO\n\t\t\t\t<\/h3>\n\t<h3>\n\t\t\t\t\tCONFIANZA\n\t\t\t\t<\/h3>\n<h3>\n\t\tSolicite informaci\u00f3n sin compromiso\n\t<\/h3>\n\t<div class=\"wpforms-container wpforms-container-full wpforms-render-modern\" id=\"wpforms-62\"><form id=\"wpforms-form-62\" class=\"wpforms-validate wpforms-form wpforms-ajax-form\" data-formid=\"62\" method=\"post\" enctype=\"multipart\/form-data\" action=\"\/es\/wp-json\/wp\/v2\/pages\/2\" data-token=\"89d1e367d0d091fcf3a86de58d6649b0\" data-trp-original-action=\"\/es\/wp-json\/wp\/v2\/pages\/2\"><noscript class=\"wpforms-error-noscript\">Por favor, activa JavaScript en tu navegador para completar este formulario.<\/noscript><div class=\"wpforms-hidden\" id=\"wpforms-error-noscript\">Por favor, activa JavaScript en tu navegador para completar este formulario.<\/div><div class=\"wpforms-field-container\"><div id=\"wpforms-62-field_1-container\" class=\"wpforms-field wpforms-field-text\" data-field-id=\"1\"><label class=\"wpforms-field-label\" for=\"wpforms-62-field_1\">Nombre <span class=\"wpforms-required-label\" aria-hidden=\"true\">*<\/span><\/label><input type=\"text\" id=\"wpforms-62-field_1\" class=\"wpforms-field-medium wpforms-field-required\" name=\"wpforms[fields][1]\" aria-errormessage=\"wpforms-62-field_1-error\" required><\/div><div id=\"wpforms-62-field_5-container\" class=\"wpforms-field wpforms-field-email\" data-field-id=\"5\"><label class=\"wpforms-field-label\" for=\"wpforms-62-field_5\">Email <span class=\"wpforms-required-label\" aria-hidden=\"true\">*<\/span><\/label><input type=\"email\" id=\"wpforms-62-field_5\" class=\"wpforms-field-medium wpforms-field-required\" name=\"wpforms[fields][5]\" spellcheck=\"false\" aria-errormessage=\"wpforms-62-field_5-error\" required><\/div><div id=\"wpforms-62-field_4-container\" class=\"wpforms-field wpforms-field-number\" data-field-id=\"4\"><label class=\"wpforms-field-label\" for=\"wpforms-62-field_4\">Tel\u00e9fono <span class=\"wpforms-required-label\" aria-hidden=\"true\">*<\/span><\/label><input type=\"number\" pattern=\"\\d*\" id=\"wpforms-62-field_4\" class=\"wpforms-field-medium wpforms-field-required\" name=\"wpforms[fields][4]\" aria-errormessage=\"wpforms-62-field_4-error\" required><\/div><div id=\"wpforms-62-field_6-container\" class=\"wpforms-field wpforms-field-textarea\" data-field-id=\"6\"><label class=\"wpforms-field-label\" for=\"wpforms-62-field_6\">Mensaje <span class=\"wpforms-required-label\" aria-hidden=\"true\">*<\/span><\/label><textarea id=\"wpforms-62-field_6\" class=\"wpforms-field-medium wpforms-field-required\" name=\"wpforms[fields][6]\" aria-errormessage=\"wpforms-62-field_6-error\" required><\/textarea><\/div><div id=\"wpforms-62-field_7-container\" class=\"wpforms-field wpforms-field-checkbox\" data-field-id=\"7\"><fieldset><legend class=\"wpforms-field-label wpforms-label-hide\" aria-hidden=\"false\">Pol\u00edtica de privacidad <span class=\"wpforms-required-label\" aria-hidden=\"true\">*<\/span><\/legend><ul id=\"wpforms-62-field_7\" class=\"wpforms-field-required\"><li class=\"choice-1 depth-1\"><input type=\"checkbox\" id=\"wpforms-62-field_7_1\" name=\"wpforms[fields][7][]\" value=\"Accepto la Pol\u00edtica de Privacitat\" aria-errormessage=\"wpforms-62-field_7_1-error\" required><label class=\"wpforms-field-label-inline\" for=\"wpforms-62-field_7_1\">Acepto la Pol\u00edtica de Privacidad<\/label><\/li><\/ul><\/fieldset><\/div><\/div><!-- .wpforms-field-container --><div class=\"wpforms-submit-container\" ><input type=\"hidden\" name=\"wpforms[id]\" value=\"62\"><input type=\"hidden\" name=\"wpforms[author]\" value=\"1\"><button type=\"submit\" name=\"wpforms[submit]\" id=\"wpforms-submit-62\" class=\"wpforms-submit\" data-alt-text=\"Enviando...\" data-submit-text=\"Enviar\" aria-live=\"assertive\" value=\"wpforms-submit\">Enviar<\/button><img loading=\"lazy\" decoding=\"async\" src=\"https:\/\/gonfaus.com\/wp-content\/plugins\/wpforms-lite\/assets\/images\/submit-spin.svg\" class=\"wpforms-submit-spinner\" style=\"display: none;\" width=\"26\" height=\"26\" alt=\"Cargando\"><\/div><input type=\"hidden\" name=\"trp-form-language\" value=\"es\"\/><\/form><\/div>  <!-- .wpforms-container -->","protected":false},"excerpt":{"rendered":"<p>Quins s\u00f3n els nostres serveis? La nostra empresa realitza tota mena d&#8217;instal\u00b7lacions d&#8217;aigua, gas i llum, amb la garantia m\u00e9s gran. Som experts en la instal\u00b7laci\u00f3 d&#8217;aires condicionats i aparells de calefacci\u00f3. A m\u00e9s, Instal\u00b7lacions Isaac Gonfaus compta amb les darrera tecnologia per a la instal\u00b7laci\u00f3 de plaques solars. AIGUA GAS LLUM AIRE CONDICIONAT \/&hellip;&nbsp;<a href=\"https:\/\/gonfaus.com\/es\/\" class=\"\" rel=\"bookmark\">Leer m\u00e1s &raquo;<span class=\"screen-reader-text\">Inicio<\/span><\/a><\/p>","protected":false},"author":1,"featured_media":0,"parent":0,"menu_order":0,"comment_status":"closed","ping_status":"closed","template":"page-templates\/template-pagebuilder-full-width.php","meta":{"neve_meta_sidebar":"","neve_meta_container":"","neve_meta_enable_content_width":"","neve_meta_content_width":0,"neve_meta_title_alignment":"","neve_meta_author_avatar":"","neve_post_elements_order":"","neve_meta_disable_header":"","neve_meta_disable_footer":"","neve_meta_disable_title":"","footnotes":""},"class_list":["post-2","page","type-page","status-publish","hentry"],"_links":{"self":[{"href":"https:\/\/gonfaus.com\/es\/wp-json\/wp\/v2\/pages\/2","targetHints":{"allow":["GET"]}}],"collection":[{"href":"https:\/\/gonfaus.com\/es\/wp-json\/wp\/v2\/pages"}],"about":[{"href":"https:\/\/gonfaus.com\/es\/wp-json\/wp\/v2\/types\/page"}],"author":[{"embeddable":true,"href":"https:\/\/gonfaus.com\/es\/wp-json\/wp\/v2\/users\/1"}],"replies":[{"embeddable":true,"href":"https:\/\/gonfaus.com\/es\/wp-json\/wp\/v2\/comments?post=2"}],"version-history":[{"count":17,"href":"https:\/\/gonfaus.com\/es\/wp-json\/wp\/v2\/pages\/2\/revisions"}],"predecessor-version":[{"id":251,"href":"https:\/\/gonfaus.com\/es\/wp-json\/wp\/v2\/pages\/2\/revisions\/251"}],"wp:attachment":[{"href":"https:\/\/gonfaus.com\/es\/wp-json\/wp\/v2\/media?parent=2"}],"curies":[{"name":"wp","href":"https:\/\/api.w.org\/{rel}","templated":true}]}}