{"id":3,"date":"2023-10-11T14:58:55","date_gmt":"2023-10-11T12:58:55","guid":{"rendered":"http:\/\/gonfaus.com\/?page_id=3"},"modified":"2023-11-13T09:30:32","modified_gmt":"2023-11-13T08:30:32","slug":"politica-de-privadesa","status":"publish","type":"page","link":"https:\/\/gonfaus.com\/es\/politica-de-privadesa\/","title":{"rendered":"Pol\u00edtica de privacidad"},"content":{"rendered":"<p>La privacidad es de gran importancia para INSTAL\u00b7LACIONS ISAAC GONFAUS, S.L. y queremos mantener una actitud abierta y transparente al tratar sus datos\npersonales. Por lo tanto, disponemos de una pol\u00edtica que establece c\u00f3mo se tratan y protegen sus datos personales.<\/p>\n\n\n\n<p><strong>\u00bfQui\u00e9n es el responsable del tratamiento de sus datos?<\/strong><br>INSTAL\u00b7LACIONS ISAAC GONFAUS, S.L. | Dir.Postal: BERGA, C.P. 08600, SALVADOR ESPRIU, 16 BX | E-mail:info@gonfaus.com<\/p>\n\n\n\n<p><strong>\u00bfCon qu\u00e9 finalidad tratamos sus datos personales?<br><\/strong> En INSTAL\u00b7LACIONS ISAAC GONFAUS, S.L. tratamos la informaci\u00f3n que nos facilitan las personas interesadas con el fin de realizar la gesti\u00f3n administrativa,\ncontable y fiscal de los servicios solicitados, as\u00ed como enviar comunicaciones comerciales sobre nuestros productos y servicios, para cuyo\nconsentimiento usted haya prestado.<\/p>\n\n\n\n<p><strong>\u00bfPor cu\u00e1nto tiempo conservaremos sus datos? <\/strong><br>Los datos se conservar\u00e1n mientras se mantenga la relaci\u00f3n comercial, y en su caso, durante los a\u00f1os necesarios para cumplir con las obligaciones\nlegales que resulte de aplicaci\u00f3n.<\/p>\n\n\n\n<p><strong>\u00bfCu\u00e1l es la legitimaci\u00f3n para el tratamiento de sus datos?<\/strong><br>Le indicamos la base legal para el tratamiento de sus datos:<br>- Ejecuci\u00f3n de un contrato: Prestaci\u00f3n de los servicios solicitados <br>- Consentimiento del interesado: Env\u00edo de comunicaciones comerciales.<\/p>\n\n\n\n<p><strong>\u00bfA qu\u00e9 destinatarios se comunicar\u00e1n sus datos? <\/strong><br>\u00danicamente se ceder\u00e1n sus datos a los terceros para los cuales hemos recabado debidamente su consentimiento, as\u00ed como para dar cumplimiento a\nlas obligaciones legales.<\/p>\n\n\n\n<p><strong>Transferencias de datos a terceros pa\u00edses <\/strong><br>No est\u00e1n previstas transferencias de datos a terceros pa\u00edses.<\/p>\n\n\n\n<p><strong>\u00bfCu\u00e1les son sus derechos cuando nos facilita sus datos?<\/strong><br>Cualquier persona tiene derecho a obtener confirmaci\u00f3n sobre si en INSTAL\u00b7LACIONS ISAAC GONFAUS, S.L. estamos tratando datos personales que les\nconciernan, o no.<br>Las personas interesadas tienen derecho a acceder a sus datos personales, as\u00ed como a solicitar la rectificaci\u00f3n de los datos inexactos o, en su caso,\nsolicitar su supresi\u00f3n cuando, entre otros motivos, los datos ya no sea necesarios para los fines que fueron recogidos.<br>En determinadas circunstancias, los interesados podr\u00e1n solicitar la limitaci\u00f3n del tratamiento de sus datos, en cuyo caso \u00fanicamente los\nconservaremos para el ejercicio o la defensa de reclamaciones.<br>En determinadas circunstancias y por motivos relacionados con su situaci\u00f3n particular, los interesados podr\u00e1n oponerse al tratamiento de sus datos.\nEn este caso, INSTAL\u00b7LACIONS ISAAC GONFAUS, S.L. dejar\u00e1 de tratar los datos, salvo por motivos leg\u00edtimos imperiosos, o el ejercicio o la defensa de posibles\nreclamaciones.<br>Podr\u00e1 ejercitar materialmente sus derechos de la siguiente forma: dirigi\u00e9ndose a la direcci\u00f3n de correo electr\u00f3nico del responsable del tratamiento\nrese\u00f1ado anteriormente adjuntando copia de su DNI o documento de identidad.<br>Si ha otorgado su consentimiento para alguna finalidad concreta, tiene derecho a retirar el consentimiento otorgado en cualquier momento, sin que\nello afecte a la licitud del tratamiento basado en el consentimiento previo a su retirada.<br>En caso de que sienta vulnerados sus derechos en lo concerniente a la protecci\u00f3n de sus datos personales, especialmente cuando no haya obtenido\nsatisfacci\u00f3n en el ejercicio de sus derechos, puede presentar una reclamaci\u00f3n ante la Autoridad de Control en materia de Protecci\u00f3n de Datos\ncompetente a trav\u00e9s de su sitio web: www.agpd.es.<\/p>\n\n\n\n<p><strong>\u00bfC\u00f3mo hemos obtenido sus datos?<\/strong><br>Los datos personales que tratamos en INSTAL\u00b7LACIONS ISAAC GONFAUS, S.L. han sido directamente proporcionados por el interesado.\nLas categor\u00edas de datos que se tratan son:<br>- Datos identificativos<br>- Direcciones postales y electr\u00f3nicas<br>- Informaci\u00f3n comercial.<\/p>\n\n\n\n<p><\/p>","protected":false},"excerpt":{"rendered":"<p>La privadesa \u00e9s de gran import\u00e0ncia per a INSTAL\u00b7LACIONS ISAAC GONFAUS, S.L. i volem mantenir una actitud oberta i transparent en tractar les vostres dades personals. Per tant, disposem d&#8217;una pol\u00edtica que estableix com es tracten i protegeixen les vostres dades personals. Qui \u00e9s el responsable del tractament de les vostres dades?INSTAL\u00b7LACIONS ISAAC GONFAUS, S.L.&hellip;&nbsp;<a href=\"https:\/\/gonfaus.com\/es\/politica-de-privadesa\/\" class=\"\" rel=\"bookmark\">Leer m\u00e1s &raquo;<span class=\"screen-reader-text\">Pol\u00edtica de privacidad<\/span><\/a><\/p>","protected":false},"author":1,"featured_media":0,"parent":0,"menu_order":0,"comment_status":"closed","ping_status":"closed","template":"","meta":{"neve_meta_sidebar":"","neve_meta_container":"","neve_meta_enable_content_width":"","neve_meta_content_width":0,"neve_meta_title_alignment":"","neve_meta_author_avatar":"","neve_post_elements_order":"","neve_meta_disable_header":"","neve_meta_disable_footer":"","neve_meta_disable_title":"","footnotes":""},"class_list":["post-3","page","type-page","status-publish","hentry"],"_links":{"self":[{"href":"https:\/\/gonfaus.com\/es\/wp-json\/wp\/v2\/pages\/3","targetHints":{"allow":["GET"]}}],"collection":[{"href":"https:\/\/gonfaus.com\/es\/wp-json\/wp\/v2\/pages"}],"about":[{"href":"https:\/\/gonfaus.com\/es\/wp-json\/wp\/v2\/types\/page"}],"author":[{"embeddable":true,"href":"https:\/\/gonfaus.com\/es\/wp-json\/wp\/v2\/users\/1"}],"replies":[{"embeddable":true,"href":"https:\/\/gonfaus.com\/es\/wp-json\/wp\/v2\/comments?post=3"}],"version-history":[{"count":3,"href":"https:\/\/gonfaus.com\/es\/wp-json\/wp\/v2\/pages\/3\/revisions"}],"predecessor-version":[{"id":219,"href":"https:\/\/gonfaus.com\/es\/wp-json\/wp\/v2\/pages\/3\/revisions\/219"}],"wp:attachment":[{"href":"https:\/\/gonfaus.com\/es\/wp-json\/wp\/v2\/media?parent=3"}],"curies":[{"name":"wp","href":"https:\/\/api.w.org\/{rel}","templated":true}]}}